{"id":1352,"date":"2026-03-26T08:19:26","date_gmt":"2026-03-26T07:19:26","guid":{"rendered":"https:\/\/roquebus.roquetasdemar.es\/contacto\/"},"modified":"2026-03-26T10:49:52","modified_gmt":"2026-03-26T09:49:52","slug":"kontakt","status":"publish","type":"page","link":"https:\/\/roquebus.roquetasdemar.es\/de\/kontakt\/","title":{"rendered":"Kontakt"},"content":{"rendered":"<div class=\"wpb-content-wrapper\"><p>[vc_section overlay_color=&#8220;roquebus-secondary&#8220; overlay_alpha=&#8220;50&#8243; content_parallax=&#8220;0&#8243; uncode_shortcode_id=&#8220;126772&#8243; overlay_color_type=&#8220;uncode-palette&#8220;][vc_row row_height_percent=&#8220;0&#8243; override_padding=&#8220;yes&#8220; h_padding=&#8220;2&#8243; top_padding=&#8220;3&#8243; bottom_padding=&#8220;2&#8243; overlay_alpha=&#8220;50&#8243; gutter_size=&#8220;3&#8243; column_width_percent=&#8220;100&#8243; shift_y=&#8220;0&#8243; z_index=&#8220;0&#8243; content_parallax=&#8220;0&#8243; uncode_shortcode_id=&#8220;176887&#8243;][vc_column width=&#8220;2\/12&#8243;][\/vc_column][vc_column column_width_percent=&#8220;100&#8243; gutter_size=&#8220;2&#8243; overlay_alpha=&#8220;50&#8243; shift_x=&#8220;0&#8243; shift_y=&#8220;0&#8243; shift_y_down=&#8220;0&#8243; z_index=&#8220;0&#8243; medium_width=&#8220;0&#8243; mobile_width=&#8220;0&#8243; width=&#8220;8\/12&#8243; uncode_shortcode_id=&#8220;116826&#8243;][vc_custom_heading heading_semantic=&#8220;h1&#8243; text_size=&#8220;h1&#8243; text_weight=&#8220;800&#8243; text_height=&#8220;fontheight-56&#8243; uncode_shortcode_id=&#8220;846085&#8243;]Haben Sie eine Frage?[\/vc_custom_heading][vc_column_text uncode_shortcode_id=&#8220;211311&#8243;]Wir freuen uns, von Ihnen zu h\u00f6ren. F\u00fcllen Sie das folgende Formular aus und wir werden Ihnen so schnell wie m\u00f6glich antworten. Ihre Meinung ist uns wichtig und hilft uns, uns jeden Tag zu verbessern.[\/vc_column_text][\/vc_column][vc_column width=&#8220;2\/12&#8243;][\/vc_column][\/vc_row][vc_row row_height_percent=&#8220;0&#8243; override_padding=&#8220;yes&#8220; h_padding=&#8220;2&#8243; top_padding=&#8220;0&#8243; bottom_padding=&#8220;2&#8243; overlay_alpha=&#8220;50&#8243; gutter_size=&#8220;3&#8243; column_width_percent=&#8220;100&#8243; shift_y=&#8220;0&#8243; z_index=&#8220;0&#8243; content_parallax=&#8220;0&#8243; uncode_shortcode_id=&#8220;287540&#8243;][vc_column width=&#8220;2\/12&#8243;][\/vc_column][vc_column width=&#8220;8\/12&#8243;][vc_raw_html]JTNDZGl2JTIwY2xhc3MlM0QlMjJyb3F1ZWJ1cy1jb250YWN0LWZvcm0td3JhcHBlciUyMiUzRSUwQSUyMCUyMCUyMCUyMCU1QmNvbnRhY3QtZm9ybS03JTIwaWQlM0QlMjJiYzFiY2ZkJTIyJTIwdGl0bGUlM0QlMjJGb3JtdWxhcmlvJTIwZGUlMjBjb250YWN0byUyMDElMjIlNUQlMEElM0MlMkZkaXYlM0U=[\/vc_raw_html][\/vc_column][vc_column width=&#8220;2\/12&#8243;][\/vc_column][\/vc_row][\/vc_section]<\/p>\n<\/div>","protected":false},"excerpt":{"rendered":"<p>[vc_section overlay_color=&#8220;roquebus-secondary&#8220; overlay_alpha=&#8220;50&#8243; content_parallax=&#8220;0&#8243; uncode_shortcode_id=&#8220;126772&#8243; overlay_color_type=&#8220;uncode-palette&#8220;][vc_row row_height_percent=&#8220;0&#8243; override_padding=&#8220;yes&#8220; h_padding=&#8220;2&#8243; top_padding=&#8220;3&#8243; bottom_padding=&#8220;2&#8243; overlay_alpha=&#8220;50&#8243; gutter_size=&#8220;3&#8243; column_width_percent=&#8220;100&#8243; shift_y=&#8220;0&#8243; z_index=&#8220;0&#8243; content_parallax=&#8220;0&#8243; uncode_shortcode_id=&#8220;176887&#8243;][vc_column width=&#8220;2\/12&#8243;][\/vc_column][vc_column column_width_percent=&#8220;100&#8243; [&hellip;]<\/p>\n","protected":false},"author":4,"featured_media":0,"parent":0,"menu_order":0,"comment_status":"closed","ping_status":"closed","template":"","meta":{"_acf_changed":false,"footnotes":""},"class_list":["post-1352","page","type-page","status-publish","hentry"],"acf":[],"_links":{"self":[{"href":"https:\/\/roquebus.roquetasdemar.es\/de\/wp-json\/wp\/v2\/pages\/1352","targetHints":{"allow":["GET"]}}],"collection":[{"href":"https:\/\/roquebus.roquetasdemar.es\/de\/wp-json\/wp\/v2\/pages"}],"about":[{"href":"https:\/\/roquebus.roquetasdemar.es\/de\/wp-json\/wp\/v2\/types\/page"}],"author":[{"embeddable":true,"href":"https:\/\/roquebus.roquetasdemar.es\/de\/wp-json\/wp\/v2\/users\/4"}],"replies":[{"embeddable":true,"href":"https:\/\/roquebus.roquetasdemar.es\/de\/wp-json\/wp\/v2\/comments?post=1352"}],"version-history":[{"count":1,"href":"https:\/\/roquebus.roquetasdemar.es\/de\/wp-json\/wp\/v2\/pages\/1352\/revisions"}],"predecessor-version":[{"id":1357,"href":"https:\/\/roquebus.roquetasdemar.es\/de\/wp-json\/wp\/v2\/pages\/1352\/revisions\/1357"}],"wp:attachment":[{"href":"https:\/\/roquebus.roquetasdemar.es\/de\/wp-json\/wp\/v2\/media?parent=1352"}],"curies":[{"name":"wp","href":"https:\/\/api.w.org\/{rel}","templated":true}]}}