{"id":1351,"date":"2026-03-26T08:19:26","date_gmt":"2026-03-26T07:19:26","guid":{"rendered":"https:\/\/roquebus.roquetasdemar.es\/contacto\/"},"modified":"2026-03-26T10:50:13","modified_gmt":"2026-03-26T09:50:13","slug":"contact","status":"publish","type":"page","link":"https:\/\/roquebus.roquetasdemar.es\/fr\/contact\/","title":{"rendered":"Contact"},"content":{"rendered":"<div class=\"wpb-content-wrapper\"><p>[vc_section overlay_color=\u00a0\u00bbroquebus-secondary\u00a0\u00bb overlay_alpha=\u00a0\u00bb50&Prime; content_parallax=\u00a0\u00bb0&Prime; uncode_shortcode_id=\u00a0\u00bb126772&Prime; overlay_color_type=\u00a0\u00bbuncode-palette\u00a0\u00bb][vc_row row_height_percent=\u00a0\u00bb0&Prime; override_padding=\u00a0\u00bbyes\u00a0\u00bb h_padding=\u00a0\u00bb2&Prime; top_padding=\u00a0\u00bb3&Prime; bottom_padding=\u00a0\u00bb2&Prime; overlay_alpha=\u00a0\u00bb50&Prime; gutter_size=\u00a0\u00bb3&Prime; column_width_percent=\u00a0\u00bb100&Prime; shift_y=\u00a0\u00bb0&Prime; z_index=\u00a0\u00bb0&Prime; content_parallax=\u00a0\u00bb0&Prime; uncode_shortcode_id=\u00a0\u00bb176887&Prime;][vc_column width=\u00a0\u00bb2\/12&Prime;][\/vc_column][vc_column column_width_percent=\u00a0\u00bb100&Prime; gutter_size=\u00a0\u00bb2&Prime; overlay_alpha=\u00a0\u00bb50&Prime; shift_x=\u00a0\u00bb0&Prime; shift_y=\u00a0\u00bb0&Prime; shift_y_down=\u00a0\u00bb0&Prime; z_index=\u00a0\u00bb0&Prime; medium_width=\u00a0\u00bb0&Prime; mobile_width=\u00a0\u00bb0&Prime; width=\u00a0\u00bb8\/12&Prime; uncode_shortcode_id=\u00a0\u00bb116826&Prime;][vc_custom_heading heading_semantic=\u00a0\u00bbh1&Prime; text_size=\u00a0\u00bbh1&Prime; text_weight=\u00a0\u00bb800&Prime; text_height=\u00a0\u00bbfontheight-56&Prime; uncode_shortcode_id=\u00a0\u00bb846085&Prime;]Vous avez une question ?[\/vc_custom_heading][vc_column_text uncode_shortcode_id=\u00a0\u00bb211311&Prime;]Nous serons ravis de vous \u00e9couter. Remplissez le formulaire suivant et nous vous r\u00e9pondrons dans les plus brefs d\u00e9lais. Votre avis est important et nous aide \u00e0 nous am\u00e9liorer chaque jour.[\/vc_column_text][\/vc_column][vc_column width=\u00a0\u00bb2\/12&Prime;][\/vc_column][\/vc_row][vc_row row_height_percent=\u00a0\u00bb0&Prime; override_padding=\u00a0\u00bbyes\u00a0\u00bb h_padding=\u00a0\u00bb2&Prime; top_padding=\u00a0\u00bb0&Prime; bottom_padding=\u00a0\u00bb2&Prime; overlay_alpha=\u00a0\u00bb50&Prime; gutter_size=\u00a0\u00bb3&Prime; column_width_percent=\u00a0\u00bb100&Prime; shift_y=\u00a0\u00bb0&Prime; z_index=\u00a0\u00bb0&Prime; content_parallax=\u00a0\u00bb0&Prime; uncode_shortcode_id=\u00a0\u00bb287540&Prime;][vc_column width=\u00a0\u00bb2\/12&Prime;][\/vc_column][vc_column width=\u00a0\u00bb8\/12&Prime;][vc_raw_html]JTNDZGl2JTIwY2xhc3MlM0QlMjJyb3F1ZWJ1cy1jb250YWN0LWZvcm0td3JhcHBlciUyMiUzRSUwQSUyMCUyMCUyMCUyMCU1QmNvbnRhY3QtZm9ybS03JTIwaWQlM0QlMjJiYzFiY2ZkJTIyJTIwdGl0bGUlM0QlMjJGb3JtdWxhcmlvJTIwZGUlMjBjb250YWN0byUyMDElMjIlNUQlMEElM0MlMkZkaXYlM0U=[\/vc_raw_html][\/vc_column][vc_column width=\u00a0\u00bb2\/12&Prime;][\/vc_column][\/vc_row][\/vc_section]<\/p>\n<\/div>","protected":false},"excerpt":{"rendered":"<p>[vc_section overlay_color=\u00a0\u00bbroquebus-secondary\u00a0\u00bb overlay_alpha=\u00a0\u00bb50&Prime; content_parallax=\u00a0\u00bb0&Prime; uncode_shortcode_id=\u00a0\u00bb126772&Prime; overlay_color_type=\u00a0\u00bbuncode-palette\u00a0\u00bb][vc_row row_height_percent=\u00a0\u00bb0&Prime; override_padding=\u00a0\u00bbyes\u00a0\u00bb h_padding=\u00a0\u00bb2&Prime; top_padding=\u00a0\u00bb3&Prime; bottom_padding=\u00a0\u00bb2&Prime; overlay_alpha=\u00a0\u00bb50&Prime; gutter_size=\u00a0\u00bb3&Prime; column_width_percent=\u00a0\u00bb100&Prime; shift_y=\u00a0\u00bb0&Prime; z_index=\u00a0\u00bb0&Prime; content_parallax=\u00a0\u00bb0&Prime; uncode_shortcode_id=\u00a0\u00bb176887&Prime;][vc_column width=\u00a0\u00bb2\/12&Prime;][\/vc_column][vc_column column_width_percent=\u00a0\u00bb100&Prime; [&hellip;]<\/p>\n","protected":false},"author":4,"featured_media":0,"parent":0,"menu_order":0,"comment_status":"closed","ping_status":"closed","template":"","meta":{"_acf_changed":false,"footnotes":""},"class_list":["post-1351","page","type-page","status-publish","hentry"],"acf":[],"_links":{"self":[{"href":"https:\/\/roquebus.roquetasdemar.es\/fr\/wp-json\/wp\/v2\/pages\/1351","targetHints":{"allow":["GET"]}}],"collection":[{"href":"https:\/\/roquebus.roquetasdemar.es\/fr\/wp-json\/wp\/v2\/pages"}],"about":[{"href":"https:\/\/roquebus.roquetasdemar.es\/fr\/wp-json\/wp\/v2\/types\/page"}],"author":[{"embeddable":true,"href":"https:\/\/roquebus.roquetasdemar.es\/fr\/wp-json\/wp\/v2\/users\/4"}],"replies":[{"embeddable":true,"href":"https:\/\/roquebus.roquetasdemar.es\/fr\/wp-json\/wp\/v2\/comments?post=1351"}],"version-history":[{"count":3,"href":"https:\/\/roquebus.roquetasdemar.es\/fr\/wp-json\/wp\/v2\/pages\/1351\/revisions"}],"predecessor-version":[{"id":1359,"href":"https:\/\/roquebus.roquetasdemar.es\/fr\/wp-json\/wp\/v2\/pages\/1351\/revisions\/1359"}],"wp:attachment":[{"href":"https:\/\/roquebus.roquetasdemar.es\/fr\/wp-json\/wp\/v2\/media?parent=1351"}],"curies":[{"name":"wp","href":"https:\/\/api.w.org\/{rel}","templated":true}]}}